{"id":444,"date":"2023-10-10T21:07:10","date_gmt":"2023-10-10T18:07:10","guid":{"rendered":"https:\/\/dramaschool.n-t.gr\/masterclasses\/"},"modified":"2023-10-31T20:32:48","modified_gmt":"2023-10-31T18:32:48","slug":"masterclasses","status":"publish","type":"page","link":"https:\/\/dramaschool.n-t.gr\/en\/masterclasses\/","title":{"rendered":"Masterclasses"},"content":{"rendered":"<p>[et_pb_section fb_built=&#8221;1&#8243; _builder_version=&#8221;4.23&#8243; _module_preset=&#8221;default&#8221; background_enable_color=&#8221;off&#8221; background_enable_image=&#8221;off&#8221; custom_padding=&#8221;10px||10px||false|false&#8221; locked=&#8221;off&#8221; global_colors_info=&#8221;{}&#8221;][et_pb_row _builder_version=&#8221;4.23&#8243; _module_preset=&#8221;default&#8221; min_height=&#8221;102px&#8221; custom_margin=&#8221;||||false|false&#8221; custom_padding=&#8221;||0px||false|false&#8221; locked=&#8221;off&#8221; global_colors_info=&#8221;{}&#8221;][et_pb_column type=&#8221;4_4&#8243; _builder_version=&#8221;4.23&#8243; _module_preset=&#8221;default&#8221; global_colors_info=&#8221;{}&#8221;][dsm_text_divider header=&#8221;MASTERCLASSES&#8221; text_alignment=&#8221;left&#8221; color=&#8221;#131217&#8243; _builder_version=&#8221;4.23&#8243; _module_preset=&#8221;default&#8221; header_level=&#8221;h1&#8243; custom_padding=&#8221;||80px||false|false&#8221; header_font_size_tablet=&#8221;26px&#8221; header_font_size_phone=&#8221;20px&#8221; header_font_size_last_edited=&#8221;on|phone&#8221; custom_css_after=&#8221;content: %22%22;||    display: block;||    position: absolute;||    width: 1px;||    height: 70px;||    bottom: 0;||    left: 30px;||    background-color: #131217;&#8221; global_colors_info=&#8221;{}&#8221;][\/dsm_text_divider][\/et_pb_column][\/et_pb_row][\/et_pb_section][et_pb_section fb_built=&#8221;1&#8243; _builder_version=&#8221;4.23&#8243; _module_preset=&#8221;default&#8221; background_color=&#8221;RGBA(255,255,255,0)&#8221; custom_padding=&#8221;0px||||false|false&#8221; global_colors_info=&#8221;{}&#8221;][et_pb_row column_structure=&#8221;2_3,1_3&#8243; use_custom_gutter=&#8221;on&#8221; gutter_width=&#8221;2&#8243; custom_padding_last_edited=&#8221;on|tablet&#8221; _builder_version=&#8221;4.23&#8243; _module_preset=&#8221;default&#8221; custom_padding=&#8221;10px||||false|false&#8221; custom_padding_tablet=&#8221;20px||||false|false&#8221; custom_padding_phone=&#8221;20px||||false|false&#8221; locked=&#8221;off&#8221; global_colors_info=&#8221;{}&#8221;][et_pb_column type=&#8221;2_3&#8243; _builder_version=&#8221;4.23&#8243; _module_preset=&#8221;default&#8221; global_colors_info=&#8221;{}&#8221;][et_pb_accordion closed_toggle_background_color=&#8221;#ffffff&#8221; toggle_icon=&#8221;&#x33;||divi||400&#8243; icon_color=&#8221;#111111&#8243; use_icon_font_size=&#8221;on&#8221; icon_font_size=&#8221;22px&#8221; _builder_version=&#8221;4.23&#8243; _module_preset=&#8221;default&#8221; toggle_level=&#8221;h2&#8243; toggle_font_size=&#8221;18px&#8221; hover_enabled=&#8221;0&#8243; border_color_all=&#8221;#111111&#8243; global_colors_info=&#8221;{}&#8221; toggle_font_size_last_edited=&#8221;on|tablet&#8221; sticky_enabled=&#8221;0&#8243; toggle_font_size_tablet=&#8221;16px&#8221; toggle_font_size_phone=&#8221;16px&#8221;][et_pb_accordion_item title=&#8221;Stage Speech&#8221; _builder_version=&#8221;4.23&#8243; _module_preset=&#8221;default&#8221; global_colors_info=&#8221;{}&#8221; open=&#8221;on&#8221;]<\/p>\n<p>Anna Kokkinou, actress, director and founder of the Sfendoni Theatre, delivered a masterclass entitled Stage Speech, during which she shared with the students the know-how she has acquired from her more than forty-year career in theatre.<\/p>\n<p><em>September, 2022<\/em><\/p>\n<p>[\/et_pb_accordion_item][et_pb_accordion_item title=&#8221;Metamorphosis and Ridiculousness \u2013 An Experiential Workshop&#8221; _builder_version=&#8221;4.23&#8243; _module_preset=&#8221;default&#8221; global_colors_info=&#8221;{}&#8221; open=&#8221;off&#8221;]<\/p>\n<p>Director and performer Euripidis Laskaridis taught a masterclass on transformation and ridiculousness. In his workshop he proposed interpretive tools derived from his extensive research on transformation and the ridiculous through his extensive background in physical theatre, the grotesque and ancient Greek comedy.<\/p>\n<p><em>April, 2023<\/em><\/p>\n<p>[\/et_pb_accordion_item][et_pb_accordion_item title=&#8221;Theatre Lighting&#8221; _builder_version=&#8221;4.23&#8243; _module_preset=&#8221;default&#8221; global_colors_info=&#8221;{}&#8221; open=&#8221;off&#8221;]<\/p>\n<p>Lighting and image designer Sakis Birmpilis delivered a masterclass aimed at helping the students of the School to discover more about the philosophy and technique of lighting design in theatre.<\/p>\n<p><em>June \u2013 July, 2022<\/em><\/p>\n<p>[\/et_pb_accordion_item][et_pb_accordion_item title=&#8221;Liminal Space: A Workshop for Inclusive and Accessible Theatrical Practices&#8221; _builder_version=&#8221;4.23&#8243; _module_preset=&#8221;default&#8221; global_colors_info=&#8221;{}&#8221; open=&#8221;off&#8221;]<\/p>\n<p>Theatrologist and actor Christos Papamichail taught a masterclass during which the participants explored ways that accessibility can be part of the creative process itself and be organically integrated into the flow of the works produced. Then they studied methods by which a theatre performance can be made accessible to people with disability in a creative and organic way without an after-the-fact Accessibility Service. The masterclass was attended by Liminal\u2019s collaborators Zoi Xanthopoulou and Olga Dalekou (founding member of the Deaf Theatre Group \u201cCrazy Colors\u201d and sign language teacher at the KET Sign Language School). Theatrologist and director Tzortzina Kakoudaki participated as masterclass assistant.<\/p>\n<p><em>July, 2023<\/em><\/p>\n<p>[\/et_pb_accordion_item][et_pb_accordion_item title=&#8221;Acting and Directing the Song&#8221; _builder_version=&#8221;4.23&#8243; _module_preset=&#8221;default&#8221; global_colors_info=&#8221;{}&#8221; open=&#8221;off&#8221;]<\/p>\n<p>Professor of directing and associate head of the School of Performance and Cultural Industries at the University of Leeds George Rodosthenous taught a masterclass with music composer Dimitris Zavros.<\/p>\n<p>The group explored the nature and limitations of a solo performance \u2013 be it a song in a larger theatrical event, or a cabaret performance \u2013 but also the function of performance with non-verbal narratives. The use of music as exclusive text and the creation of a narrative without the use of words was the main stimulus for the creation of a short scene. The group focused on the use of hands through \u201chand choreographies\u201d and explored how music and text create images. Finally, the group focused on tackling ensemble scenes.<\/p>\n<p><em>July, 2023<\/em><\/p>\n<p>[\/et_pb_accordion_item][et_pb_accordion_item title=&#8221;Speech Education&#8221; _builder_version=&#8221;4.23&#8243; _module_preset=&#8221;default&#8221; global_colors_info=&#8221;{}&#8221; open=&#8221;off&#8221;]<\/p>\n<p>Theatre teacher and actor Davit Baroyan, associate of the National Academy of Theatre Arts in Wroclaw and Teatr ZAR of the Grotowski Institute, taught a masterclass on the use of the actor\u2019s voice. The aim of the masterclass was through the stages \u201cwarm up \u2013 development of the imagination \u2013 voice \u2013 text \u2013 song \u2013 etude \u2013 structure\u201d to create a material useful for research and development in the future for each participant.<\/p>\n<p><em>July, 2023<\/em><\/p>\n<p>[\/et_pb_accordion_item][et_pb_accordion_item title=&#8221;Devising a Play or Theatre and the Absurd&#8221; _builder_version=&#8221;4.23&#8243; _module_preset=&#8221;default&#8221; global_colors_info=&#8221;{}&#8221; open=&#8221;off&#8221;]<\/p>\n<p>Lilo Baur, a member of the Th\u00e9\u00e2tre de Complicit\u00e9, winner of the Dora and Manchester Evening News Awards and collaborator of Peter Brooke, taught a masterclass on devised theatre based on the theatrical adaptation of Mikhail Zoshchenko\u2019s short stories. Through these surreal stories, the students broke new ground in their examination of a text and a situation that carry their own dynamics, rhythms and atmospheres.<\/p>\n<p><em>September, 2022<\/em><\/p>\n<p>[\/et_pb_accordion_item][et_pb_accordion_item title=&#8221;Acting \/ Improvisation&#8221; _builder_version=&#8221;4.23&#8243; _module_preset=&#8221;default&#8221; global_colors_info=&#8221;{}&#8221; open=&#8221;off&#8221;]<\/p>\n<p>Nina Hellmuth, professor at the Ernst Busch Academy of Dramatic Arts Berlin, delivered a masterclass in Acting\/Innovation. Nina Hellmuth is a graduate of the Rheinische Friedrich-Wilhelms-Universit\u00e4t in Bonn (Philosophy Department), the UDK (Universit\u00e4t der K\u00fcnste) in Berlin and the Ernst Busch Academy of Dramatic Arts\u2019 Directing Department.<\/p>\n<p><em>July, 2022<\/em><\/p>\n<p>[\/et_pb_accordion_item][et_pb_accordion_item title=&#8221;Four Centres \u2013 Body and Space&#8221; _builder_version=&#8221;4.23&#8243; _module_preset=&#8221;default&#8221; global_colors_info=&#8221;{}&#8221; open=&#8221;off&#8221;]<\/p>\n<p>Jaros\u0142aw Fret, founder and artistic director of Teatr ZAR and director of the Grotowski Institute, taught a masterclass during the School senior students\u2019 trip to Poland. The lessons were devoted to the dramaturgy of the actor. Change as a disturbed state and the ability to recognize it are the main and fundamental aspects of any drama. How can an actor, a performer, work on the legibility of his own line of actions?<\/p>\n<p><em>September, 2022<\/em><\/p>\n<p>[\/et_pb_accordion_item][et_pb_accordion_item title=&#8221;Martial Partnering&#8221; _builder_version=&#8221;4.23&#8243; _module_preset=&#8221;default&#8221; global_colors_info=&#8221;{}&#8221; open=&#8221;off&#8221;]<\/p>\n<p>Jakub Gontarski taught a masterclass during the School senior students\u2019 trip to Poland. He is a coach and certified instructor of the Oxygen Advantage\u00ae and Buteyko Clinic International\u00ae breathing programs, and a member of research programs operating under the auspices of the Grotowski Institute.<br \/>The training of students at the Grotowski Institute is the result of many years of practice in the fields of martial arts, sports, dance, theatre and body therapy. These training tools support mobility, motor control, speed, body stability, spatial awareness, motor intelligence and help maintain the body in good psychosomatic condition.<\/p>\n<p><em>September, 2022<\/em><\/p>\n<p>[\/et_pb_accordion_item][et_pb_accordion_item title=&#8221;Embodied Creation&#8221; _builder_version=&#8221;4.23&#8243; _module_preset=&#8221;default&#8221; global_colors_info=&#8221;{}&#8221; open=&#8221;off&#8221;]<\/p>\n<p>Aleksandra Kugacz-Semerci taught a masterclass during the School senior students\u2019 trip to Poland. The workshop focused on developing and opening up the potential our bodies carry through physical exercises and working with different qualities. When can our actions be defined as stage material? How can we reveal authenticity through simple movements?<\/p>\n<p><em>September, 2022<\/em><\/p>\n<p>[\/et_pb_accordion_item][et_pb_accordion_item title=&#8221;\u03a4he Naked Actor&#8221; open=&#8221;off&#8221; _builder_version=&#8221;4.23&#8243; _module_preset=&#8221;default&#8221; global_colors_info=&#8221;{}&#8221;]<\/p>\n<p>Andrew Visnevski, a theatre director with an international career, delivered the masterclass entitled The Naked Actor for the third-year students of the School. The tutor works as a theatre educator and has led international workshops on Shakespeare in many countries.<\/p>\n<p><em>October, 2022<\/em><\/p>\n<p>[\/et_pb_accordion_item][\/et_pb_accordion][\/et_pb_column][et_pb_column type=&#8221;1_3&#8243; _builder_version=&#8221;4.23&#8243; _module_preset=&#8221;default&#8221; global_colors_info=&#8221;{}&#8221;][\/et_pb_column][\/et_pb_row][\/et_pb_section]<\/p>\n","protected":false},"excerpt":{"rendered":"<p><div class=\"et_pb_module dsm_text_divider dsm_text_divider_0\">\n\t\t\t\t\n\t\t\t\t\n\t\t\t\t\n\t\t\t\t\n\t\t\t\t\n\t\t\t\t\n\t\t\t\t<div class=\"et_pb_module_inner\">\n\t\t\t\t\t<div class=\"dsm-text-divider-wrapper dsm-text-divider-align-left et_pb_bg_layout_light\">\n\t\t\t\t\n\t\t\t\t\n\t\t\t\t<div class=\"dsm-text-divider-before dsm-divider\"><\/div>\n\t\t\t\t<h1 class=\"dsm-text-divider-header et_pb_module_header\"><span>MASTERCLASSES<\/span><\/h1>\n\t\t\t\t<div class=\"dsm-text-divider-after dsm-divider\"><\/div>\n\t\t\t<\/div>\n\t\t\t\t<\/div>\n\t\t\t<\/div>Anna Kokkinou, actress, director and founder of the Sfendoni Theatre, delivered a masterclass entitled Stage Speech, during which she shared with the students the know-how she has acquired from her more than forty-year career in theatre. September, 2022Director and performer Euripidis Laskaridis taught a masterclass on transformation and ridiculousness. In his workshop he proposed interpretive tools derived from his extensive research on transformation and the ridiculous through his extensive background in physical theatre, the grotesque and ancient Greek comedy. April, 2023Lighting and image designer Sakis Birmpilis delivered a masterclass aimed at helping the students of the School to discover more about the philosophy and technique of lighting design in theatre. June \u2013 July, 2022Theatrologist and actor Christos Papamichail taught a masterclass during which the participants explored ways that accessibility can be part of the creative process itself and be organically integrated into the flow of the works produced. Then they studied methods by which a theatre performance can be made accessible to people with disability in a creative and organic way without an [&hellip;]<\/p>\n","protected":false},"author":1,"featured_media":0,"parent":0,"menu_order":5,"comment_status":"closed","ping_status":"closed","template":"","meta":{"_seopress_robots_primary_cat":"","_seopress_titles_title":"","_seopress_titles_desc":"","_seopress_robots_index":"","_et_pb_use_builder":"on","_et_pb_old_content":"","_et_gb_content_width":"","footnotes":""},"class_list":["post-444","page","type-page","status-publish","hentry"],"_links":{"self":[{"href":"https:\/\/dramaschool.n-t.gr\/en\/wp-json\/wp\/v2\/pages\/444","targetHints":{"allow":["GET"]}}],"collection":[{"href":"https:\/\/dramaschool.n-t.gr\/en\/wp-json\/wp\/v2\/pages"}],"about":[{"href":"https:\/\/dramaschool.n-t.gr\/en\/wp-json\/wp\/v2\/types\/page"}],"author":[{"embeddable":true,"href":"https:\/\/dramaschool.n-t.gr\/en\/wp-json\/wp\/v2\/users\/1"}],"replies":[{"embeddable":true,"href":"https:\/\/dramaschool.n-t.gr\/en\/wp-json\/wp\/v2\/comments?post=444"}],"version-history":[{"count":2,"href":"https:\/\/dramaschool.n-t.gr\/en\/wp-json\/wp\/v2\/pages\/444\/revisions"}],"predecessor-version":[{"id":4928,"href":"https:\/\/dramaschool.n-t.gr\/en\/wp-json\/wp\/v2\/pages\/444\/revisions\/4928"}],"wp:attachment":[{"href":"https:\/\/dramaschool.n-t.gr\/en\/wp-json\/wp\/v2\/media?parent=444"}],"curies":[{"name":"wp","href":"https:\/\/api.w.org\/{rel}","templated":true}]}}